{"id":6646,"date":"2017-03-07T02:00:59","date_gmt":"2017-03-07T02:00:59","guid":{"rendered":"https:\/\/www.6400studio.com.ar\/?page_id=6646"},"modified":"2017-08-11T18:09:06","modified_gmt":"2017-08-11T18:09:06","slug":"bodas","status":"publish","type":"page","link":"https:\/\/www.6400studio.com.ar\/?page_id=6646","title":{"rendered":"Bodas"},"content":{"rendered":"<div  class=\"one withsmallpadding ppb_content_half_bg \" style=\"padding:30px 0 30px 0;\" >\n<div class=\"standard_wrapper\">\n<div class=\"page_content_wrapper\">\n<div class=\"inner\">\n<div class=\"one_half_bg floatright\" style=\"background:#000000;background:rgb(0,0,0,1);background:rgba(0,0,0,1);\" >\n<h2 class=\"ppb_title\" style=\"\">Bodas<\/h2>\n<div class=\"ppb_header_content\">\n<p><span style=\"color: #4b4f56;\">Un boda es la celebraci\u00f3n del amor! Nos encanta cubrir estos momentos porque nuestras fotograf\u00edas se llenan de sonrisas, besos, flores y baile! Ofrecemos la cobertura de la ceremonia tanto civil como por iglesia y la fiesta. Tambi\u00e9n tenemos paquetes que incluyen el &#8220;Getting Ready&#8221; (es decir el momento de preparaci\u00f3n de los novios) y las &#8220;E-Session&#8221; que son sesiones, generalmente realizadas los d\u00edas previos a la boda en exteriores, para que los novios se lleven el recuerdo m\u00e1s rom\u00e1ntico de todos. Somos los primeros en llegar y los \u00faltimos en irnos, garantizando la cobertura de todos los momentos importantes . Como trabajamos en equipo podemos asegurar diferentes puntos de vista y que el resultado sean fotos impecables. Tenemos tambi\u00e9n varias opciones a elegir para la entrega del producto: cd, cd con estuche de lujo, con pen drive o libros impresos. No dudes en contactarnos y solicitar una entrevista en nuestro \u00a0estudio, sin compromiso, para conocernos y contestar todas tus dudas.<\/span><\/p>\n<\/div>\n<\/div>\n<\/div>\n<\/div>\n<\/div>\n<\/div>\n<div  class=\"one withsmallpadding ppb_content_half_bg \" style=\"padding:30px 0 30px 0;\" >\n<div class=\"standard_wrapper\">\n<div class=\"page_content_wrapper\">\n<div class=\"inner\">\n<div class=\"one_half_bg floatright\" style=\"background:#000000;background:rgb(0,0,0,1);background:rgba(0,0,0,1);\" >\n<h2 class=\"ppb_title\" style=\"\">Bodas<\/h2>\n<div class=\"ppb_header_content\">\n<p><span style=\"color: #4b4f56;\">Un boda es la celebraci\u00f3n del amor! Nos encanta cubrir estos momentos porque nuestras fotograf\u00edas se llenan de sonrisas, besos, flores y baile! Ofrecemos la cobertura de la ceremonia tanto civil como por iglesia y la fiesta. Tambi\u00e9n tenemos paquetes que incluyen el &#8220;Getting Ready&#8221; (es decir el momento de preparaci\u00f3n de los novios) y las &#8220;E-Session&#8221; que son sesiones, generalmente realizadas los d\u00edas previos a la boda en exteriores, para que los novios se lleven el recuerdo m\u00e1s rom\u00e1ntico de todos. Somos los primeros en llegar y los \u00faltimos en irnos, garantizando la cobertura de todos los momentos importantes . Como trabajamos en equipo podemos asegurar diferentes puntos de vista y que el resultado sean fotos impecables. Tenemos tambi\u00e9n varias opciones a elegir para la entrega del producto: cd, cd con estuche de lujo, con pen drive o libros impresos. No dudes en contactarnos y solicitar una entrevista en nuestro \u00a0estudio, sin compromiso, para conocernos y contestar todas tus dudas.<\/span><\/p>\n<\/div>\n<\/div>\n<\/div>\n<\/div>\n<\/div>\n<\/div>\n","protected":false},"excerpt":{"rendered":"<p>Bodas Un boda es la celebraci\u00f3n del amor! Nos encanta cubrir estos momentos porque nuestras fotograf\u00edas se llenan de sonrisas, besos, flores y baile! Ofrecemos la cobertura de la ceremonia tanto civil como por iglesia y la fiesta. Tambi\u00e9n tenemos [&hellip;]<\/p>\n","protected":false},"author":1,"featured_media":0,"parent":0,"menu_order":0,"comment_status":"closed","ping_status":"closed","template":"","meta":{"footnotes":""},"class_list":["post-6646","page","type-page","status-publish","hentry"],"_links":{"self":[{"href":"https:\/\/www.6400studio.com.ar\/index.php?rest_route=\/wp\/v2\/pages\/6646","targetHints":{"allow":["GET"]}}],"collection":[{"href":"https:\/\/www.6400studio.com.ar\/index.php?rest_route=\/wp\/v2\/pages"}],"about":[{"href":"https:\/\/www.6400studio.com.ar\/index.php?rest_route=\/wp\/v2\/types\/page"}],"author":[{"embeddable":true,"href":"https:\/\/www.6400studio.com.ar\/index.php?rest_route=\/wp\/v2\/users\/1"}],"replies":[{"embeddable":true,"href":"https:\/\/www.6400studio.com.ar\/index.php?rest_route=%2Fwp%2Fv2%2Fcomments&post=6646"}],"version-history":[{"count":11,"href":"https:\/\/www.6400studio.com.ar\/index.php?rest_route=\/wp\/v2\/pages\/6646\/revisions"}],"predecessor-version":[{"id":7067,"href":"https:\/\/www.6400studio.com.ar\/index.php?rest_route=\/wp\/v2\/pages\/6646\/revisions\/7067"}],"wp:attachment":[{"href":"https:\/\/www.6400studio.com.ar\/index.php?rest_route=%2Fwp%2Fv2%2Fmedia&parent=6646"}],"curies":[{"name":"wp","href":"https:\/\/api.w.org\/{rel}","templated":true}]}}