{"id":6643,"date":"2017-03-07T01:34:19","date_gmt":"2017-03-07T01:34:19","guid":{"rendered":"https:\/\/www.6400studio.com.ar\/?page_id=6643"},"modified":"2017-08-10T22:12:36","modified_gmt":"2017-08-10T22:12:36","slug":"fifteen","status":"publish","type":"page","link":"https:\/\/www.6400studio.com.ar\/?page_id=6643","title":{"rendered":"Fifteen"},"content":{"rendered":"<div  class=\"one\" >\n<div class=\"standard_wrapper\">\n<div class=\"page_content_wrapper\">\n<div class=\"inner\">\n<div class=\"one_half content_middle textright\" style=\"padding:0px;\">\n<div class=\"ppb_header_content\">\n<p>Ofrecemos books en estudio y en exteriores, y una cobertura completo de la fiesta y los preparativos.<br \/>\nNos interesa resaltar las cualidades de cada chica, hacerlas sentir c\u00f3modas, tranquilas y que sea una experiencia inolvidable. Acordamos previamente entre todos (cumplea\u00f1era, padres y fot\u00f3grafos) el estilo y est\u00e9tica deseados.<br \/>\nPorque una foto vale m\u00e1s que mil palabras todos los detalles, las locaciones y el vestuario deben ser un reflejo de su personalidad y una herramienta para hacerla ver aun m\u00e1s hermosa.<\/p>\n<\/div>\n<\/div>\n<div class=\"one_half last\"><\/div>\n<p><br class=\"clear\"\/><\/div>\n<\/div>\n<\/div>\n<\/div>\n","protected":false},"excerpt":{"rendered":"<p>Ofrecemos books en estudio y en exteriores, y una cobertura completo de la fiesta y los preparativos. Nos interesa resaltar las cualidades de cada chica, hacerlas sentir c\u00f3modas, tranquilas y que sea una experiencia inolvidable. Acordamos previamente entre todos (cumplea\u00f1era, [&hellip;]<\/p>\n","protected":false},"author":1,"featured_media":0,"parent":0,"menu_order":0,"comment_status":"closed","ping_status":"closed","template":"","meta":{"footnotes":""},"class_list":["post-6643","page","type-page","status-publish","hentry"],"_links":{"self":[{"href":"https:\/\/www.6400studio.com.ar\/index.php?rest_route=\/wp\/v2\/pages\/6643","targetHints":{"allow":["GET"]}}],"collection":[{"href":"https:\/\/www.6400studio.com.ar\/index.php?rest_route=\/wp\/v2\/pages"}],"about":[{"href":"https:\/\/www.6400studio.com.ar\/index.php?rest_route=\/wp\/v2\/types\/page"}],"author":[{"embeddable":true,"href":"https:\/\/www.6400studio.com.ar\/index.php?rest_route=\/wp\/v2\/users\/1"}],"replies":[{"embeddable":true,"href":"https:\/\/www.6400studio.com.ar\/index.php?rest_route=%2Fwp%2Fv2%2Fcomments&post=6643"}],"version-history":[{"count":23,"href":"https:\/\/www.6400studio.com.ar\/index.php?rest_route=\/wp\/v2\/pages\/6643\/revisions"}],"predecessor-version":[{"id":7064,"href":"https:\/\/www.6400studio.com.ar\/index.php?rest_route=\/wp\/v2\/pages\/6643\/revisions\/7064"}],"wp:attachment":[{"href":"https:\/\/www.6400studio.com.ar\/index.php?rest_route=%2Fwp%2Fv2%2Fmedia&parent=6643"}],"curies":[{"name":"wp","href":"https:\/\/api.w.org\/{rel}","templated":true}]}}